{"id":597,"date":"2019-03-18T13:59:17","date_gmt":"2019-03-18T05:59:17","guid":{"rendered":"http:\/\/localhost\/theme19\/?page_id=7"},"modified":"2025-09-03T15:57:47","modified_gmt":"2025-09-03T07:57:47","slug":"contact","status":"publish","type":"page","link":"https:\/\/www.dongchuanwl.com\/fr\/contact\/","title":{"rendered":"Nous contacter"},"content":{"rendered":"<section class=\"wp-block-themepark-block-themepark-slide thempark-block thenepark-slide-out undefined\" style=\"margin-bottom:20px;\" autoplays=\"0\" loops=\"\"><div class=\"swiper-container thenepark-slide jtauto\"><div class=\"swiper-wrapper\"><div class=\"swiper-slide\"><div class=\"pcimgx showthetext\" style=\"height:497px;\"><div class=\"pcimg_text\" style=\"padding-top:11%;text-align:center;\"><h3 class=\"pcimg_title mofs\" style=\"font-size:39px;\"><span data-swiper-parallax=\"-1000\">Nous contacter peut faire de nous un partenaire sinc\u00e8re<\/span><\/h3><font class=\"pcimg_dis mofs\" style=\"font-size:18px;\" data-swiper-parallax=\"-500\" data-swiper-parallax-scale=\"0.5\"><span data-swiper-parallax=\"-1000\"><\/span><span data-swiper-parallax=\"-1100\"><\/span><\/font><\/div><a class=\"pcimg_pic swiper-lazy\" href=\"\" data-background=\"https:\/\/www.dongchuanwl.com\/wp-content\/uploads\/2025\/08\/PC\u8054\u7cfb\u6211\u4eec\u56fe1.jpg\" pcimgxal2=\"\" style=\"background:url(https:\/\/www.dongchuanwl.com\/wp-content\/uploads\/2025\/08\/PC\u8054\u7cfb\u6211\u4eec\u56fe1.jpg)\"><\/a><\/div><a class=\"movepic\" href=\"\"><img decoding=\"async\" class=\"movepic\" src=\"https:\/\/www.dongchuanwl.com\/wp-content\/uploads\/2025\/08\/PC\u8054\u7cfb\u6211\u4eec\u56fe1.jpg\" alt=\"Contacting Us May Make Us A Sincere Partner\"\/><\/a><\/div><\/div><\/div><\/section>\n\n\n\n<section class=\"wp-block-themepark-block-themepark-area block_layout thempark-block undefined\" id=\"\" style=\"\" data-swiper-parallax=\"-700\"><div class=\"block_layout_in\" style=\"\">\n<div class=\"wp-block-column block_layout_in is-layout-flow wp-block-column-is-layout-flow\">\n<div class=\"wp-block-themepark-block-themepark-comment thempark-block themepark-comment undefined\" style=\"padding-bottom:36px;padding-top:12px;max-width:1383px;\"><div class=\"themepark-comment_in\" id=\"lr_form\"><div class=\"themepark-comment_inb2\"><div class=\"themepark-comment_inb\" style=\"background-color:#ffffff;\"><div class=\"themepark-comment_img\" style=\"width:52%\"><img decoding=\"async\" class=\"lazyload swiper-lazy  swiper-move-lazy\" src=\"https:\/\/www.dongchuanwl.com\/wp-content\/themes\/smartenterprise\/images\/loading-commet.png\" data-src=\"https:\/\/www.dongchuanwl.com\/wp-content\/uploads\/2025\/02\/ca1f35e0e73ee182cddc1f3fb22a705.jpg\" alt=\"Let\u2019s Begin a Conversation!\"\/><\/div><div class=\"themepark-comment_form\" style=\"width:43%\"><div class=\"fromtts\" style=\"margin-bottom:46px;\"><span class=\"fromtt\" style=\"font-size:33px;color:#000000;\">Entamons une conversation !<\/span><\/div><form id=\"commentform-park\" class=\"themepark-c-f\" action=\"https:\/\/www.dongchuanwl.com\/wp-comments-post.php\" method=\"post\" autocomplete=\"off\" data-trp-original-action=\"https:\/\/www.dongchuanwl.com\/wp-comments-post.php\"><div class=\"themepark-comment_form_box tptext texttop\" style=\"font-size:14px;\"><lable for=\"tpcommet0\" class=\"required\"><span class=\"labletext\" style=\"color: #146ba2;\">Nom<span class=\"required\">*<div class=\"required_tishi animated\"><i class=\"fas fa-exclamation-circle\"><\/i><span><\/span><\/div><\/span><\/span><input type=\"text\" id=\"tpcommet0\" name=\"tpcommet0\" size=\"28\" required style=\"\" placeholder=\"\"\/><\/lable><\/div><div class=\"themepark-comment_form_box tptext tel-c texttop\" style=\"font-size:14px;\"><lable for=\"tpcommet1\" class=\"required\"><span class=\"labletext\" style=\"color: #146ba2;\">T\u00e9l\u00e9phone<span class=\"required\">*<div class=\"required_tishi animated\"><i class=\"fas fa-exclamation-circle\"><\/i><span><\/span><\/div><\/span><\/span><input type=\"text\" class=\"f-tel\" id=\"tpcommet1\" name=\"tpcommet1\" size=\"28\" required style=\"\" placeholder=\"\"\/><\/lable><\/div><div class=\"themepark-comment_form_box tptext mail-c texttop\" style=\"font-size:14px;\"><lable for=\"tpcommet2\" class=\"required\"><span class=\"labletext\" style=\"color: #146ba2;\">Courriel<span class=\"required\">*<div class=\"required_tishi animated\"><i class=\"fas fa-exclamation-circle\"><\/i><span><\/span><\/div><\/span><\/span><input type=\"text\" class=\"f-email\" id=\"tpcommet2\" name=\"tpcommet2\" size=\"28\" required style=\"\" placeholder=\"\"\/><\/lable><\/div><div class=\"themepark-comment_form_box tptext texttop\" style=\"font-size:14px;\"><lable for=\"tpcommet3\" class=\"required\"><span class=\"labletext\" style=\"color: #146ba2;\">Nom de l'entreprise<span class=\"required\">*<div class=\"required_tishi animated\"><i class=\"fas fa-exclamation-circle\"><\/i><span><\/span><\/div><\/span><\/span><input type=\"text\" id=\"tpcommet3\" name=\"tpcommet3\" size=\"28\" required style=\"\" placeholder=\"\"\/><\/lable><\/div><div class=\"themepark-comment_form_box tptext texttop\" style=\"font-size:14px;\"><lable for=\"tpcommet4\" class=\"required\"><span class=\"labletext\" style=\"color: #146ba2;\">Produits requis<span class=\"required\">*<div class=\"required_tishi animated\"><i class=\"fas fa-exclamation-circle\"><\/i><span><\/span><\/div><\/span><\/span><input type=\"text\" id=\"tpcommet4\" name=\"tpcommet4\" size=\"28\" required style=\"\" placeholder=\"\"\/><\/lable><\/div><div class=\"themepark-comment_form_box tpTextarea texttop\" style=\"font-size:14px;\"><lable for=\"tpcommet5\"><span class=\"labletext\" style=\"color: #146ba2;\">Message<\/span><textarea id=\"tpcommet5\" name=\"tpcommet5\" style=\"\" placeholder=\"\"><\/textarea><\/lable><\/div><div class=\"hiddeninput\"><input name=\"comment_post_ID\" type=\"hidden\" value=\"597\"\/><input name=\"author\" type=\"hidden\" class=\"author\"\/><input name=\"email\" type=\"hidden\" class=\"email\"\/><textarea name=\"comment\" style=\"display:none\" class=\"comment\"><\/textarea><input name=\"themeparklable\" type=\"hidden\" value=\"Name|Phone|Email|Company Name|Required Products|Message\"\/><input name=\"themeparktype\" type=\"hidden\" value=\"text|text3|text2|text|text|Textarea\"\/><input name=\"redirect_to\" type=\"hidden\" value=\"https:\/\/www.dongchuanwl.com\"\/><input name=\"inquiryid\" type=\"hidden\"\/><input name=\"inquirytime\" type=\"hidden\"\/><input name=\"position\" type=\"hidden\"\/><\/div><div class=\"submut_box texttop\"><span class=\"labletext\"><\/span><input type=\"submit\" class=\"submut_btn\" name=\"submit\" style=\"background:#0693e3;\" value=\"Soumettre\"\/><div class=\"tishi\" style=\"color:#f29900;\"><div class=\"loading\" style=\"\"><i class=\"fas fa-spinner\"><\/i>Veuillez patienter, en cours de soumission...<\/div><div class=\"success\" style=\"\"><i class=\"fas fa-check\"><\/i>Si votre demande est accept\u00e9e, nous vous contacterons dans les plus brefs d\u00e9lais !<\/div><div class=\"erro\" style=\"\"><i class=\"fas fa-exclamation-circle\"><\/i>La soumission a \u00e9chou\u00e9, veuillez r\u00e9essayer plus tard ou nous contacter directement par t\u00e9l\u00e9phone !<\/div><div class=\"e-email\">Erreur d'email !<\/div><div class=\"e-tel\">Erreur de t\u00e9l\u00e9phone !<\/div><\/div><\/div><input type=\"hidden\" name=\"trp-form-language\" value=\"fr\"\/><\/form><\/div><div class=\"wp_clear\"><\/div><\/div><div class=\"themepark-comment_in_b\" style=\"opacity:1;undefinedtransform:scaleX(1.092) scaleY(1.0132)\"><\/div><\/div><\/div><div class=\"wp_clear\"><\/div><\/div>\n<\/div>\n<\/div><div class=\"layout_badh\"><\/div><\/section>","protected":false},"excerpt":{"rendered":"","protected":false},"author":1,"featured_media":0,"parent":0,"menu_order":0,"comment_status":"open","ping_status":"closed","template":"","meta":{"themepark_post_bcolor":"","themepark_post_width":"100%","themepark_post_img":"","themepark_post_img_po":"left","themepark_post_img_re":false,"themepark_post_img_cover":false,"themepark_post_img_fixed":false,"themepark_post_hide_title":true,"themepark_post_main_b":"#f5f5f5","themepark_post_main_p":100,"themepark_paddingblock":true,"footnotes":""},"class_list":["post-597","page","type-page","status-publish","hentry"],"yoast_head":"<!-- This site is optimized with the Yoast SEO plugin v27.3 - https:\/\/yoast.com\/product\/yoast-seo-wordpress\/ -->\n<title>Contact Us - dongchuanwl<\/title>\n<meta name=\"description\" content=\"Contact Liaoning Dongchuan Logistics Equipment for industrial steel pallet inquiries, custom needs or partnerships. Use our convenient channels for prompt support to fulfill your material handling requirements!\" \/>\n<meta name=\"robots\" content=\"index, follow, max-snippet:-1, max-image-preview:large, max-video-preview:-1\" \/>\n<link rel=\"canonical\" href=\"https:\/\/www.dongchuanwl.com\/fr\/contact\/\" \/>\n<meta property=\"og:locale\" content=\"fr_FR\" \/>\n<meta property=\"og:type\" content=\"article\" \/>\n<meta property=\"og:title\" content=\"Contact Us - dongchuanwl\" \/>\n<meta property=\"og:description\" content=\"Contact Liaoning Dongchuan Logistics Equipment for industrial steel pallet inquiries, custom needs or partnerships. Use our convenient channels for prompt support to fulfill your material handling requirements!\" \/>\n<meta property=\"og:url\" content=\"https:\/\/www.dongchuanwl.com\/fr\/contact\/\" \/>\n<meta property=\"og:site_name\" content=\"dongchuanwl\" \/>\n<meta property=\"article:modified_time\" content=\"2025-09-03T07:57:47+00:00\" \/>\n<meta property=\"og:image\" content=\"https:\/\/www.dongchuanwl.com\/wp-content\/themes\/smartenterprise\/images\/loading-commet.png\" \/>\n<meta name=\"twitter:card\" content=\"summary_large_image\" \/>\n<meta name=\"twitter:label1\" content=\"Dur\u00e9e de lecture estim\u00e9e\" \/>\n\t<meta name=\"twitter:data1\" content=\"1 minute\" \/>\n<script type=\"application\/ld+json\" class=\"yoast-schema-graph\">{\"@context\":\"https:\\\/\\\/schema.org\",\"@graph\":[{\"@type\":\"WebPage\",\"@id\":\"https:\\\/\\\/www.dongchuanwl.com\\\/contact\\\/\",\"url\":\"https:\\\/\\\/www.dongchuanwl.com\\\/contact\\\/\",\"name\":\"Contact Us - dongchuanwl\",\"isPartOf\":{\"@id\":\"https:\\\/\\\/www.dongchuanwl.com\\\/#website\"},\"primaryImageOfPage\":{\"@id\":\"https:\\\/\\\/www.dongchuanwl.com\\\/contact\\\/#primaryimage\"},\"image\":{\"@id\":\"https:\\\/\\\/www.dongchuanwl.com\\\/contact\\\/#primaryimage\"},\"thumbnailUrl\":\"https:\\\/\\\/www.dongchuanwl.com\\\/wp-content\\\/themes\\\/smartenterprise\\\/images\\\/loading-commet.png\",\"datePublished\":\"2019-03-18T05:59:17+00:00\",\"dateModified\":\"2025-09-03T07:57:47+00:00\",\"description\":\"Contact Liaoning Dongchuan Logistics Equipment for industrial steel pallet inquiries, custom needs or partnerships. Use our convenient channels for prompt support to fulfill your material handling requirements!\",\"breadcrumb\":{\"@id\":\"https:\\\/\\\/www.dongchuanwl.com\\\/contact\\\/#breadcrumb\"},\"inLanguage\":\"fr-FR\",\"potentialAction\":[{\"@type\":\"ReadAction\",\"target\":[\"https:\\\/\\\/www.dongchuanwl.com\\\/contact\\\/\"]}]},{\"@type\":\"ImageObject\",\"inLanguage\":\"fr-FR\",\"@id\":\"https:\\\/\\\/www.dongchuanwl.com\\\/contact\\\/#primaryimage\",\"url\":\"https:\\\/\\\/www.dongchuanwl.com\\\/wp-content\\\/themes\\\/smartenterprise\\\/images\\\/loading-commet.png\",\"contentUrl\":\"https:\\\/\\\/www.dongchuanwl.com\\\/wp-content\\\/themes\\\/smartenterprise\\\/images\\\/loading-commet.png\"},{\"@type\":\"BreadcrumbList\",\"@id\":\"https:\\\/\\\/www.dongchuanwl.com\\\/contact\\\/#breadcrumb\",\"itemListElement\":[{\"@type\":\"ListItem\",\"position\":1,\"name\":\"\u9996\u9875\",\"item\":\"https:\\\/\\\/www.dongchuanwl.com\\\/\"},{\"@type\":\"ListItem\",\"position\":2,\"name\":\"Contact Us\"}]},{\"@type\":\"WebSite\",\"@id\":\"https:\\\/\\\/www.dongchuanwl.com\\\/#website\",\"url\":\"https:\\\/\\\/www.dongchuanwl.com\\\/\",\"name\":\"dongchuanwl\",\"description\":\"Liaoning Dongchuan Logistics Equipment Co., Ltd\",\"potentialAction\":[{\"@type\":\"SearchAction\",\"target\":{\"@type\":\"EntryPoint\",\"urlTemplate\":\"https:\\\/\\\/www.dongchuanwl.com\\\/?s={search_term_string}\"},\"query-input\":{\"@type\":\"PropertyValueSpecification\",\"valueRequired\":true,\"valueName\":\"search_term_string\"}}],\"inLanguage\":\"fr-FR\"}]}<\/script>\n<!-- \/ Yoast SEO plugin. -->","yoast_head_json":{"title":"Contact Us - dongchuanwl","description":"Contact Liaoning Dongchuan Logistics Equipment for industrial steel pallet inquiries, custom needs or partnerships. Use our convenient channels for prompt support to fulfill your material handling requirements!","robots":{"index":"index","follow":"follow","max-snippet":"max-snippet:-1","max-image-preview":"max-image-preview:large","max-video-preview":"max-video-preview:-1"},"canonical":"https:\/\/www.dongchuanwl.com\/fr\/contact\/","og_locale":"fr_FR","og_type":"article","og_title":"Contact Us - dongchuanwl","og_description":"Contact Liaoning Dongchuan Logistics Equipment for industrial steel pallet inquiries, custom needs or partnerships. Use our convenient channels for prompt support to fulfill your material handling requirements!","og_url":"https:\/\/www.dongchuanwl.com\/fr\/contact\/","og_site_name":"dongchuanwl","article_modified_time":"2025-09-03T07:57:47+00:00","og_image":[{"url":"https:\/\/www.dongchuanwl.com\/wp-content\/themes\/smartenterprise\/images\/loading-commet.png","type":"","width":"","height":""}],"twitter_card":"summary_large_image","twitter_misc":{"Dur\u00e9e de lecture estim\u00e9e":"1 minute"},"schema":{"@context":"https:\/\/schema.org","@graph":[{"@type":"WebPage","@id":"https:\/\/www.dongchuanwl.com\/contact\/","url":"https:\/\/www.dongchuanwl.com\/contact\/","name":"Contact Us - dongchuanwl","isPartOf":{"@id":"https:\/\/www.dongchuanwl.com\/#website"},"primaryImageOfPage":{"@id":"https:\/\/www.dongchuanwl.com\/contact\/#primaryimage"},"image":{"@id":"https:\/\/www.dongchuanwl.com\/contact\/#primaryimage"},"thumbnailUrl":"https:\/\/www.dongchuanwl.com\/wp-content\/themes\/smartenterprise\/images\/loading-commet.png","datePublished":"2019-03-18T05:59:17+00:00","dateModified":"2025-09-03T07:57:47+00:00","description":"Contact Liaoning Dongchuan Logistics Equipment for industrial steel pallet inquiries, custom needs or partnerships. Use our convenient channels for prompt support to fulfill your material handling requirements!","breadcrumb":{"@id":"https:\/\/www.dongchuanwl.com\/contact\/#breadcrumb"},"inLanguage":"fr-FR","potentialAction":[{"@type":"ReadAction","target":["https:\/\/www.dongchuanwl.com\/contact\/"]}]},{"@type":"ImageObject","inLanguage":"fr-FR","@id":"https:\/\/www.dongchuanwl.com\/contact\/#primaryimage","url":"https:\/\/www.dongchuanwl.com\/wp-content\/themes\/smartenterprise\/images\/loading-commet.png","contentUrl":"https:\/\/www.dongchuanwl.com\/wp-content\/themes\/smartenterprise\/images\/loading-commet.png"},{"@type":"BreadcrumbList","@id":"https:\/\/www.dongchuanwl.com\/contact\/#breadcrumb","itemListElement":[{"@type":"ListItem","position":1,"name":"\u9996\u9875","item":"https:\/\/www.dongchuanwl.com\/"},{"@type":"ListItem","position":2,"name":"Contact Us"}]},{"@type":"WebSite","@id":"https:\/\/www.dongchuanwl.com\/#website","url":"https:\/\/www.dongchuanwl.com\/","name":"dongchuanwl","description":"Liaoning Dongchuan Logistics Equipment Co., Ltd","potentialAction":[{"@type":"SearchAction","target":{"@type":"EntryPoint","urlTemplate":"https:\/\/www.dongchuanwl.com\/?s={search_term_string}"},"query-input":{"@type":"PropertyValueSpecification","valueRequired":true,"valueName":"search_term_string"}}],"inLanguage":"fr-FR"}]}},"_links":{"self":[{"href":"https:\/\/www.dongchuanwl.com\/fr\/wp-json\/wp\/v2\/pages\/597","targetHints":{"allow":["GET"]}}],"collection":[{"href":"https:\/\/www.dongchuanwl.com\/fr\/wp-json\/wp\/v2\/pages"}],"about":[{"href":"https:\/\/www.dongchuanwl.com\/fr\/wp-json\/wp\/v2\/types\/page"}],"author":[{"embeddable":true,"href":"https:\/\/www.dongchuanwl.com\/fr\/wp-json\/wp\/v2\/users\/1"}],"replies":[{"embeddable":true,"href":"https:\/\/www.dongchuanwl.com\/fr\/wp-json\/wp\/v2\/comments?post=597"}],"version-history":[{"count":17,"href":"https:\/\/www.dongchuanwl.com\/fr\/wp-json\/wp\/v2\/pages\/597\/revisions"}],"predecessor-version":[{"id":6198,"href":"https:\/\/www.dongchuanwl.com\/fr\/wp-json\/wp\/v2\/pages\/597\/revisions\/6198"}],"wp:attachment":[{"href":"https:\/\/www.dongchuanwl.com\/fr\/wp-json\/wp\/v2\/media?parent=597"}],"curies":[{"name":"wp","href":"https:\/\/api.w.org\/{rel}","templated":true}]}}