{"id":5018,"date":"2025-02-24T09:20:24","date_gmt":"2025-02-24T01:20:24","guid":{"rendered":"https:\/\/www.dongchuanwl.com\/?page_id=5018"},"modified":"2025-08-19T14:17:40","modified_gmt":"2025-08-19T06:17:40","slug":"%e5%85%b3%e4%ba%8e%e6%88%91%e4%bb%ac-2","status":"publish","type":"page","link":"https:\/\/www.dongchuanwl.com\/fr\/%e5%85%b3%e4%ba%8e%e6%88%91%e4%bb%ac-2\/","title":{"rendered":"\u00c0 propos de nous"},"content":{"rendered":"<div class=\"wp-block-themepark-block-themepark-slidearea themepark-slidearea dsxw swiper-slide undefined swiper-lazy\" style=\"background-repeat:no-repeat;background-position:center;\" data-background=\"\" data-title=\"\" data-titlec=\"#ffffff\" data-head=\"nomarl\" data-scalemove=\"1\"><div class=\"themepark-slidearea-in swiper-container\"><div class=\"swiper-wrapper\"><div class=\"swiper-slide\"><div class=\"inbox\" style=\"padding-top:13%;max-width:1440px;padding-left:20px;padding-right:20px;\">\n<div class=\"wp-block-column themepark-slidearea-ins is-layout-flow wp-block-column-is-layout-flow\">\n<section class=\"wp-block-themepark-block-themepark-imgtext thempark-block themepark_imgtext updonwmodle padingmodle undefined\" style=\"\"><div class=\"themepark_imgtext_img\" style=\"width:48%;text-align:center;\" data-swiper-parallax=\"-1800\"><\/div><div class=\"themepark_imgtext_text\" style=\"width:49%;text-align:center;\" data-swiper-parallax=\"-1600\">\n<div class=\"wp-block-column is-layout-flow wp-block-column-is-layout-flow\">\n<p><\/p>\n\n\n\n<p class=\"has-text-align-center has-monte-white-color has-text-color has-link-color wp-elements-37ddd6454cee11711378b1428efa9dd7\" style=\"font-size:65px\"><strong>AIDE <\/strong><\/p>\n\n\n\n<p class=\"has-text-align-center has-monte-white-color has-text-color has-link-color wp-elements-0d7c8017fe4f20800a00fd05549b8bd4\" style=\"font-size:65px\"><strong>LE<\/strong><br><strong>MONDE<\/strong><br><strong>LIVRER<\/strong><\/p>\n\n\n\n<p><\/p>\n<\/div>\n<\/div><div class=\"themepark_imgtext_ba\" style=\"opacity:1;\"><\/div><\/section>\n\n\n\n<p><\/p>\n<\/div>\n<div class=\"top_video_gundong_out\"><span style=\"color: #ffffff;\">Passer \u00e0 la page suivante<\/span><div class=\"top_video_gundong\" style=\"border: solid 1px #ffffff;\"><div class=\"gdong1\" style=\"background: #ffffff;\"><\/div><div class=\"gdong2\" style=\"background: #ffffff;\"><\/div><div class=\"gdong3\" style=\"background: #ffffff;\"><\/div><\/div><\/div><\/div><\/div><\/div><div class=\"swiper-scrollbar\"><\/div><\/div><div class=\"PcOnly themepark-slidearea_ba  jttj\" style=\"background-repeat:no-repeat;background-position:center;\" data-swiper-parallax-y=\"0\" data-swiper-parallax-opacity=\"0\" data-swiper-parallax-scale=\"0.9\" data-swiper-parallax-duration=\"1800\"><div class=\"themepark-slidearea_ba_in swiper-lazy\" data-background=\"https:\/\/www.dongchuanwl.com\/wp-content\/uploads\/2025\/08\/PC\u7aef.jpg\"><\/div><\/div><div class=\"MovePnly themepark-slidearea_ba swiper-move-lazy jttj\" data-swiper-parallax-y=\"0\" data-swiper-parallax-opacity=\"0\" data-swiper-parallax-scale=\"0.9\" data-swiper-parallax-duration=\"1800\"><div class=\"themepark-slidearea_ba_in swiper-move-lazy\" data-background=\"https:\/\/www.dongchuanwl.com\/wp-content\/uploads\/2025\/08\/\u624b\u673a\u7aef.jpg\"><\/div><\/div><\/div>\n\n\n\n<div class=\"wp-block-themepark-block-themepark-slidearea themepark-slidearea dsxw swiper-slide undefined swiper-lazy\" style=\"background-repeat:no-repeat; xiena\" data-background=\"\" data-title=\"\" data-titlec=\"#ffffff\" data-head=\"nomarl\" data-scalemove=\"1\"><div class=\"themepark-slidearea-in swiper-container\"><div class=\"swiper-wrapper\"><div class=\"swiper-slide\"><div class=\"inbox\" style=\"padding-top:10%;max-width:1440px;padding-left:20px;padding-right:20px;\">\n<div class=\"wp-block-column themepark-slidearea-ins is-layout-flow wp-block-column-is-layout-flow\">\n<section class=\"wp-block-themepark-block-themepark-bili thempark-block themepark_imgtext dsxws  padingmodle leftright undefined\" style=\"padding-bottom:114px;padding-top:52px;\"><div class=\"themepark_imgtext_text\" style=\"width:87%;text-align:center;\">\n<div class=\"wp-block-column is-layout-flow wp-block-column-is-layout-flow\">\n<h2 class=\"wp-block-heading has-text-align-center has-white-color has-text-color\" style=\"font-size:40px\">POURQUOI NOUS CHOISIR ?<\/h2>\n\n\n\n<p><\/p>\n\n\n\n<p><\/p>\n\n\n\n<p class=\"has-text-align-left has-white-color has-text-color\">Liaoning Dongchuan Logistics Equipment Co. est situ\u00e9e dans le parc industriel de Beigang, dans la zone de d\u00e9veloppement \u00e9conomique de Huludao, dans la province de Liaoning. Il s'agit d'une entreprise globale int\u00e9grant la recherche et le d\u00e9veloppement, la conception, la production et la vente. Elle produit divers \u00e9quipements d'entreposage, de manutention et de logistique, tels que des bo\u00eetes d'emballage m\u00e9talliques, des plateaux m\u00e9talliques et des rayonnages d'empilage m\u00e9talliques.<\/p>\n\n\n\n<p class=\"has-text-align-left has-white-color has-text-color\"><br>Les produits de notre soci\u00e9t\u00e9 sont non seulement vendus sur le march\u00e9 national, mais \u00e9galement export\u00e9s vers les pays europ\u00e9ens et am\u00e9ricains, ainsi que vers les march\u00e9s internationaux de l'Asie du Sud-Est. Depuis de nombreuses ann\u00e9es, l'entreprise adh\u00e8re au principe de \"la technologie d'abord, la qualit\u00e9 d'abord, l'excellence du service et la satisfaction du client\". Nous sommes pr\u00eats \u00e0 fournir \u00e0 nos clients des services diversifi\u00e9s et \u00e0 multiples facettes, et \u00e0 coop\u00e9rer sinc\u00e8rement avec des coll\u00e8gues de tous horizons pour cr\u00e9er de l'\u00e9clat ensemble !<\/p>\n\n\n\n<p><\/p>\n\n\n\n<p><\/p>\n\n\n\n<p><\/p>\n\n\n\n<p><\/p>\n\n\n\n<div class=\"wp-block-themepark-block-btn themepark-i-btn-out themepark-i-btn\" style=\"text-align:undefined;\"><div class=\"themepark-i-btn-out_ins\" style=\"\"><div class=\"themepark-i-btn-out_in\"><div class=\"themepark-i-btn\" style=\"background-color:#0693e3;color:#ffffff;font-size:16px;\"><i class=\"fas fa-bookmark\"><\/i><a href=\"https:\/\/www.dongchuanwl.com\/fr\/contact\/\" rel=\"noopener noreferrer \">CONTACT<\/a><\/div><\/div><\/div><\/div>\n\n\n\n<p><\/p>\n<\/div>\n<\/div><div class=\"themepark_bili\" style=\"width:10%;\"><\/div><div class=\"themepark_imgtext_ba\" style=\"background-color:#0000001c;opacity:1;\"><\/div><\/section>\n\n\n\n<p><\/p>\n\n\n\n<p><\/p>\n\n\n\n<p><\/p>\n\n\n\n<p><\/p>\n\n\n\n<p><\/p>\n\n\n\n<p><\/p>\n<\/div>\n<\/div><\/div><\/div><div class=\"swiper-scrollbar\"><\/div><\/div><div class=\"PcOnly themepark-slidearea_ba  jttj xiena\" style=\"background-repeat:no-repeat; xiena\" data-swiper-parallax-y=\"0\" data-swiper-parallax-opacity=\"0\" data-swiper-parallax-scale=\"0.9\" data-swiper-parallax-duration=\"1800\"><div class=\"themepark-slidearea_ba_in swiper-lazy\" data-background=\"https:\/\/www.dongchuanwl.com\/wp-content\/uploads\/2025\/08\/PC\u7aef2.jpg\"><\/div><\/div><div class=\"MovePnly themepark-slidearea_ba swiper-move-lazy jttj xiena\" data-swiper-parallax-y=\"0\" data-swiper-parallax-opacity=\"0\" data-swiper-parallax-scale=\"0.9\" data-swiper-parallax-duration=\"1800\"><div class=\"themepark-slidearea_ba_in swiper-move-lazy\" data-background=\"https:\/\/www.dongchuanwl.com\/wp-content\/uploads\/2025\/02\/\u624b\u673a.jpg\"><\/div><\/div><\/div>\n\n\n\n<div class=\"wp-block-themepark-block-themepark-slidearea themepark-slidearea dsxw swiper-slide  swiper-lazy\" style=\"background-position:center;\" data-background=\"\" data-title=\"\" data-head=\"nomarl\" data-scalemove=\"1\"><div class=\"themepark-slidearea-in swiper-container\"><div class=\"swiper-wrapper\"><div class=\"swiper-slide\"><div class=\"inbox\" style=\"padding-top:4%;max-width:992px;padding-left:20px;padding-right:20px;\"><div class=\"post_in_list_head modle_title2\"><span style=\"color:#000000;font-size:34px;\" class=\"main-title\">CONCEPTION, NORMES ET CERTIFICATION<\/span><span style=\"color:#000000;font-size:14px;\" class=\"as-title\"><\/span><div class=\"title_boout\"><div class=\"title_bo\" style=\"\"><\/div><\/div><font class=\"titletext\" style=\"color:#000000;font-size:40px;\"><\/font><\/div>\n<div class=\"wp-block-column themepark-slidearea-ins is-layout-flow wp-block-column-is-layout-flow\"><\/div>\n<\/div><\/div><\/div><div class=\"swiper-scrollbar\"><\/div><\/div><div class=\"PcOnly themepark-slidearea_ba\" style=\"background-position:center;\" data-swiper-parallax-y=\"-700\" data-swiper-parallax-opacity=\"0\" data-swiper-parallax-scale=\"0.9\" data-swiper-parallax-duration=\"1800\"><div class=\"themepark-slidearea_ba_in swiper-lazy\" data-background=\"https:\/\/www.dongchuanwl.com\/wp-content\/uploads\/2025\/02\/111111.jpg\"><\/div><\/div><div class=\"MovePnly themepark-slidearea_ba swiper-move-lazy\" data-swiper-parallax-y=\"-700\" data-swiper-parallax-opacity=\"0\" data-swiper-parallax-scale=\"0.9\" data-swiper-parallax-duration=\"1800\"><div class=\"themepark-slidearea_ba_in swiper-move-lazy\" data-background=\"https:\/\/www.dongchuanwl.com\/wp-content\/uploads\/2025\/03\/\u624b\u673a\u7248\u8bc1\u4e66.jpg\"><\/div><\/div><\/div>\n\n\n\n<div class=\"wp-block-themepark-block-themepark-slidearea themepark-slidearea dsxw swiper-slide undefined\" style=\"background-repeat:no-repeat;\" data-background=\"\" data-title=\"\" data-titlec=\"#000000\" data-head=\"nomarl\" data-scalemove=\"1\"><div class=\"themepark-slidearea-in swiper-container\"><div class=\"swiper-wrapper\"><div class=\"swiper-slide\"><div class=\"inbox\" style=\"padding-bottom:109px;padding-top:6%;max-width:1440px;padding-left:20px;padding-right:20px;\"><div class=\"post_in_list_head modle_title2\"><span style=\"color:#000000;font-size:36px;\" class=\"main-title\"><\/span><span style=\"color:#000000;font-size:40px;\" class=\"as-title\">NOS VALEURS<\/span><div class=\"title_boout\"><div class=\"title_bo\" style=\"\"><\/div><\/div><font class=\"titletext\" style=\"color:#000000;font-size:40px;\"><\/font><\/div>\n<div class=\"wp-block-column themepark-slidearea-ins is-layout-flow wp-block-column-is-layout-flow\">\n<section class=\"wp-block-themepark-block-themepark-icon thempark-block themepark_icon_list_out  xhms\" id=\"nomo3\" style=\"height:261px;\"><div class=\"themepark_icon_list_in\" style=\"padding-top:5px;top:412px;box-shadow:0 0 15px#666666;\"><div class=\"themepark_icon_lists iconl4 iconls1\" style=\"text-align:right;\"><a class=\"themepark_icon_box  picmodle\" style=\"color:#f29900;\"><div class=\"themepark_icon_box_i\"><div class=\"themepark_icon_box_i_out\"><img decoding=\"async\" src=\"https:\/\/www.dongchuanwl.com\/wp-content\/uploads\/2025\/02\/44.jpg\" alt=\"Development\" style=\"color:#ffffff;width:50px;\"\/><\/div><\/div><div class=\"themepark_icon_box_d\" style=\"font-size:14px;color:#000000;height:101px;\"><b style=\"font-size:18px;color:#010101;\">D\u00e9veloppement<\/b><span>Ch\u00e9rir la marque de l'entreprise et renforcer la vitalit\u00e9 de l'entreprise.<\/span><\/div><div class=\"themepark_icon_box_bac\" style=\"background:#da883c7d;opacity:0.91;\"><\/div><\/a><a class=\"themepark_icon_box  picmodle\" style=\"color:#f29900;\"><div class=\"themepark_icon_box_i\"><div class=\"themepark_icon_box_i_out\"><img decoding=\"async\" src=\"https:\/\/www.dongchuanwl.com\/wp-content\/uploads\/2025\/02\/333.jpg\" alt=\"Service\" style=\"color:#ffffff;width:50px;\"\/><\/div><\/div><div class=\"themepark_icon_box_d\" style=\"font-size:14px;color:#000000;height:101px;\"><b style=\"font-size:18px;color:#010101;\">Service<\/b><span>Ne promettez pas ce que vous ne pouvez pas faire, promettez de faire ce que vous promettez.<\/span><\/div><div class=\"themepark_icon_box_bac\" style=\"background:#da883c7d;opacity:0.91;\"><\/div><\/a><a class=\"themepark_icon_box  picmodle\" style=\"color:#f29900;\"><div class=\"themepark_icon_box_i\"><div class=\"themepark_icon_box_i_out\"><img decoding=\"async\" src=\"https:\/\/www.dongchuanwl.com\/wp-content\/uploads\/2025\/02\/7d584b83eb15bbc9392e2f1a2228b33.jpg\" alt=\"Quality\" style=\"color:#ffffff;width:50px;\"\/><\/div><\/div><div class=\"themepark_icon_box_d\" style=\"font-size:14px;color:#000000;height:101px;\"><b style=\"font-size:18px;color:#010101;\">Qualit\u00e9<\/b><span>Nous devons toujours avoir une longueur d'avance et fournir une qualit\u00e9 irrempla\u00e7able de premier ordre.<\/span><\/div><div class=\"themepark_icon_box_bac\" style=\"background:#da883c7d;opacity:0.91;\"><\/div><\/a><a class=\"themepark_icon_box  picmodle\" style=\"color:#f29900;\"><div class=\"themepark_icon_box_i\"><div class=\"themepark_icon_box_i_out\"><img decoding=\"async\" src=\"https:\/\/www.dongchuanwl.com\/wp-content\/uploads\/2025\/02\/222.jpg\" alt=\"Positioning\" style=\"color:#ffffff;width:50px;\"\/><\/div><\/div><div class=\"themepark_icon_box_d\" style=\"font-size:14px;color:#000000;height:101px;\"><b style=\"font-size:18px;color:#010101;\">Positionnement<\/b><span>Ne pas s'\u00e9tendre aveugl\u00e9ment, mais s'efforcer d'affiner, de raffiner et d'exceller.<\/span><\/div><div class=\"themepark_icon_box_bac\" style=\"background:#da883c7d;opacity:0.91;\"><\/div><\/a><\/div><\/div><\/section>\n<\/div>\n<\/div><\/div><\/div><div class=\"swiper-scrollbar\"><\/div><\/div><div class=\"PcOnly themepark-slidearea_ba  jttj\" style=\"background-repeat:no-repeat;\" data-swiper-parallax-y=\"0\" data-swiper-parallax-opacity=\"0\" data-swiper-parallax-scale=\"0.9\" data-swiper-parallax-duration=\"1800\"><div class=\"themepark-slidearea_ba_in swiper-lazy\" data-background=\"https:\/\/www.dongchuanwl.com\/wp-content\/uploads\/2025\/02\/6b2a27f3a6ac06d2646c170d9508c65.jpg\"><\/div><\/div><div class=\"MovePnly themepark-slidearea_ba swiper-move-lazy jttj\" data-swiper-parallax-y=\"0\" data-swiper-parallax-opacity=\"0\" data-swiper-parallax-scale=\"0.9\" data-swiper-parallax-duration=\"1800\"><div class=\"themepark-slidearea_ba_in swiper-move-lazy\" data-background=\"https:\/\/www.dongchuanwl.com\/wp-content\/uploads\/2025\/02\/6b2a27f3a6ac06d2646c170d9508c65.jpg\"><\/div><\/div><\/div>\n\n\n\n<div class=\"wp-block-themepark-block-themepark-slidearea themepark-slidearea dsxw swiper-slide undefined swiper-lazy\" style=\"background-repeat:no-repeat; xiena\" data-background=\"\" data-title=\"\" data-titlec=\"#ffffff\" data-head=\"nomarl\" data-scalemove=\"1\"><div class=\"themepark-slidearea-in swiper-container\"><div class=\"swiper-wrapper\"><div class=\"swiper-slide\"><div class=\"inbox\" style=\"padding-bottom:211px;padding-top:9%;max-width:1440px;padding-left:20px;padding-right:20px;\"><div class=\"post_in_list_head modle_title2\"><span style=\"color:#ffffff;font-size:40px;\" class=\"main-title\">PR\u00c9SENTATION DE L'\u00c9QUIPE<\/span><span style=\"color:#ffffff;font-size:36px;\" class=\"as-title\"><\/span><div class=\"title_boout\"><div class=\"title_bo\" style=\"border-bottom:3px solid #ffffff;\"><\/div><\/div><font class=\"titletext\" style=\"font-size:16px;\"><\/font><\/div>\n<div class=\"wp-block-column themepark-slidearea-ins is-layout-flow wp-block-column-is-layout-flow\">\n<section class=\"wp-block-themepark-block-themepark-imgtext thempark-block themepark_imgtext padingmodle leftright moveupd  undefined\" style=\"padding-bottom:10px;padding-top:10px;\"><div class=\"themepark_imgtext_img\" style=\"width:35%;\" data-swiper-parallax=\"-1800\"><img class=\"lazyload  swiper-lazy swiper-move-lazy\" style=\"\" data-src=\"http:\/\/data.themepark.com.cn\/2021\/n\/smartenterprise_data\/qy1\/uploads\/2020\/12\/list8.jpg\" alt=\"\"\/><\/div><div class=\"themepark_imgtext_text\" style=\"width:62%;\" data-swiper-parallax=\"-1600\">\n<div class=\"wp-block-column is-layout-flow wp-block-column-is-layout-flow\">\n<p><\/p>\n\n\n\n<p><\/p>\n\n\n\n<h3 class=\"wp-block-heading has-white-color has-text-color\" style=\"font-size:27px\"><strong><strong>\u00c9QUIPE DE R &amp; D<\/strong><\/strong><\/h3>\n\n\n\n<p class=\"has-white-color has-text-color\" style=\"font-size:18px\"><\/p>\n\n\n\n<p><\/p>\n\n\n\n<p class=\"has-white-color has-text-color\">La soci\u00e9t\u00e9 Dongchuan Logistics a \u00e9t\u00e9 cr\u00e9\u00e9e en 2020 et constitue une \u00e9quipe d'\u00e9lite compos\u00e9e d'un groupe de professionnels talentueux et anim\u00e9s du m\u00eame esprit. Elle est engag\u00e9e dans l'entreposage logistique national et international, fournissant aux clients d'excellentes solutions avec un esprit professionnel, innovant et collaboratif, et a \u00e9tabli une bonne r\u00e9putation dans l'industrie.<\/p>\n\n\n\n<p><\/p>\n\n\n\n<p class=\"has-white-color has-text-color\">Nous disposons d'une \u00e9quipe de direction, d'une \u00e9quipe technique professionnelle, d'une \u00e9quipe de marketing et d'une \u00e9quipe de service \u00e0 la client\u00e8le, et chaque membre de l'\u00e9quipe s'efforce d'atteindre des objectifs communs, en cr\u00e9ant constamment de la valeur et en contribuant par ses propres forces au d\u00e9veloppement de la soci\u00e9t\u00e9. Nous avons une belle vision de l'avenir et nous nous effor\u00e7ons de construire une \u00e9quipe influente et comp\u00e9titive \u00e0 l'\u00e9chelle mondiale, en contribuant davantage \u00e0 la promotion de l'innovation et du d\u00e9veloppement dans l'industrie.<\/p>\n\n\n\n<p><\/p>\n\n\n\n<p class=\"has-white-color has-text-color\">Adh\u00e9rer au principe d'honn\u00eatet\u00e9 et de fiabilit\u00e9, traiter les clients, les partenaires et les coll\u00e8gues avec sinc\u00e9rit\u00e9 et coh\u00e9rence, en paroles et en actes. Dans le m\u00eame temps, chaque membre est tenu d'assumer l'enti\u00e8re responsabilit\u00e9 de son travail, d'\u00eatre suffisamment courageux pour prendre ses responsabilit\u00e9s et de veiller \u00e0 ce que chaque t\u00e2che soit accomplie dans les d\u00e9lais et avec une qualit\u00e9 \u00e9lev\u00e9e. Nous sommes convaincus qu'avec les efforts conjoints de tous les membres de l'\u00e9quipe, nous obtiendrons des r\u00e9sultats encore plus brillants \u00e0 l'avenir et \u00e9crirons notre propre chapitre magnifique !<\/p>\n\n\n\n<p><\/p>\n<\/div>\n<\/div><div class=\"themepark_imgtext_ba\" style=\"background-color:#000000;opacity:0.2;\"><\/div><\/section>\n<\/div>\n<\/div><\/div><\/div><div class=\"swiper-scrollbar\"><\/div><\/div><div class=\"PcOnly themepark-slidearea_ba  jttj xiena\" style=\"background-repeat:no-repeat; xiena\" data-swiper-parallax-y=\"0\" data-swiper-parallax-opacity=\"0\" data-swiper-parallax-scale=\"0.9\" data-swiper-parallax-duration=\"1800\"><div class=\"themepark-slidearea_ba_in swiper-lazy\" data-background=\"https:\/\/www.dongchuanwl.com\/wp-content\/uploads\/2025\/02\/\u56e2\u961f1.jpg\"><\/div><\/div><div class=\"MovePnly themepark-slidearea_ba swiper-move-lazy jttj xiena\" data-swiper-parallax-y=\"0\" data-swiper-parallax-opacity=\"0\" data-swiper-parallax-scale=\"0.9\" data-swiper-parallax-duration=\"1800\"><div class=\"themepark-slidearea_ba_in swiper-move-lazy\" data-background=\"https:\/\/www.dongchuanwl.com\/wp-content\/uploads\/2025\/02\/\u672a\u6807\u9898-3.jpg\"><\/div><\/div><\/div>\n\n\n\n<p><\/p>","protected":false},"excerpt":{"rendered":"","protected":false},"author":1,"featured_media":0,"parent":0,"menu_order":0,"comment_status":"closed","ping_status":"open","template":"","meta":{"themepark_post_bcolor":"#f5f5f5","themepark_post_width":"swiper","themepark_post_img":"","themepark_post_img_po":"center","themepark_post_img_re":true,"themepark_post_img_cover":true,"themepark_post_img_fixed":true,"themepark_post_hide_title":true,"themepark_post_main_b":"","themepark_post_main_p":100,"themepark_paddingblock":true,"footnotes":""},"class_list":["post-5018","page","type-page","status-publish","hentry"],"yoast_head":"<!-- This site is optimized with the Yoast SEO plugin v27.3 - https:\/\/yoast.com\/product\/yoast-seo-wordpress\/ -->\n<title>About Us - dongchuanwl<\/title>\n<meta name=\"robots\" content=\"index, follow, max-snippet:-1, max-image-preview:large, max-video-preview:-1\" \/>\n<link rel=\"canonical\" href=\"https:\/\/www.dongchuanwl.com\/fr\/\u5173\u4e8e\u6211\u4eec-2\/\" \/>\n<meta property=\"og:locale\" content=\"fr_FR\" \/>\n<meta property=\"og:type\" content=\"article\" \/>\n<meta property=\"og:title\" content=\"About Us - dongchuanwl\" \/>\n<meta property=\"og:url\" content=\"https:\/\/www.dongchuanwl.com\/fr\/\u5173\u4e8e\u6211\u4eec-2\/\" \/>\n<meta property=\"og:site_name\" content=\"dongchuanwl\" \/>\n<meta property=\"article:modified_time\" content=\"2025-08-19T06:17:40+00:00\" \/>\n<meta property=\"og:image\" content=\"https:\/\/www.dongchuanwl.com\/wp-content\/uploads\/2025\/02\/44.jpg\" \/>\n<meta name=\"twitter:card\" content=\"summary_large_image\" \/>\n<meta name=\"twitter:label1\" content=\"Dur\u00e9e de lecture estim\u00e9e\" \/>\n\t<meta name=\"twitter:data1\" content=\"3 minutes\" \/>\n<script type=\"application\/ld+json\" class=\"yoast-schema-graph\">{\"@context\":\"https:\\\/\\\/schema.org\",\"@graph\":[{\"@type\":\"WebPage\",\"@id\":\"https:\\\/\\\/www.dongchuanwl.com\\\/%e5%85%b3%e4%ba%8e%e6%88%91%e4%bb%ac-2\\\/\",\"url\":\"https:\\\/\\\/www.dongchuanwl.com\\\/%e5%85%b3%e4%ba%8e%e6%88%91%e4%bb%ac-2\\\/\",\"name\":\"About Us - dongchuanwl\",\"isPartOf\":{\"@id\":\"https:\\\/\\\/www.dongchuanwl.com\\\/#website\"},\"primaryImageOfPage\":{\"@id\":\"https:\\\/\\\/www.dongchuanwl.com\\\/%e5%85%b3%e4%ba%8e%e6%88%91%e4%bb%ac-2\\\/#primaryimage\"},\"image\":{\"@id\":\"https:\\\/\\\/www.dongchuanwl.com\\\/%e5%85%b3%e4%ba%8e%e6%88%91%e4%bb%ac-2\\\/#primaryimage\"},\"thumbnailUrl\":\"https:\\\/\\\/www.dongchuanwl.com\\\/wp-content\\\/uploads\\\/2025\\\/02\\\/44.jpg\",\"datePublished\":\"2025-02-24T01:20:24+00:00\",\"dateModified\":\"2025-08-19T06:17:40+00:00\",\"breadcrumb\":{\"@id\":\"https:\\\/\\\/www.dongchuanwl.com\\\/%e5%85%b3%e4%ba%8e%e6%88%91%e4%bb%ac-2\\\/#breadcrumb\"},\"inLanguage\":\"fr-FR\",\"potentialAction\":[{\"@type\":\"ReadAction\",\"target\":[\"https:\\\/\\\/www.dongchuanwl.com\\\/%e5%85%b3%e4%ba%8e%e6%88%91%e4%bb%ac-2\\\/\"]}]},{\"@type\":\"ImageObject\",\"inLanguage\":\"fr-FR\",\"@id\":\"https:\\\/\\\/www.dongchuanwl.com\\\/%e5%85%b3%e4%ba%8e%e6%88%91%e4%bb%ac-2\\\/#primaryimage\",\"url\":\"https:\\\/\\\/www.dongchuanwl.com\\\/wp-content\\\/uploads\\\/2025\\\/02\\\/44.jpg\",\"contentUrl\":\"https:\\\/\\\/www.dongchuanwl.com\\\/wp-content\\\/uploads\\\/2025\\\/02\\\/44.jpg\"},{\"@type\":\"BreadcrumbList\",\"@id\":\"https:\\\/\\\/www.dongchuanwl.com\\\/%e5%85%b3%e4%ba%8e%e6%88%91%e4%bb%ac-2\\\/#breadcrumb\",\"itemListElement\":[{\"@type\":\"ListItem\",\"position\":1,\"name\":\"\u9996\u9875\",\"item\":\"https:\\\/\\\/www.dongchuanwl.com\\\/\"},{\"@type\":\"ListItem\",\"position\":2,\"name\":\"About Us\"}]},{\"@type\":\"WebSite\",\"@id\":\"https:\\\/\\\/www.dongchuanwl.com\\\/#website\",\"url\":\"https:\\\/\\\/www.dongchuanwl.com\\\/\",\"name\":\"dongchuanwl\",\"description\":\"Liaoning Dongchuan Logistics Equipment Co., Ltd\",\"potentialAction\":[{\"@type\":\"SearchAction\",\"target\":{\"@type\":\"EntryPoint\",\"urlTemplate\":\"https:\\\/\\\/www.dongchuanwl.com\\\/?s={search_term_string}\"},\"query-input\":{\"@type\":\"PropertyValueSpecification\",\"valueRequired\":true,\"valueName\":\"search_term_string\"}}],\"inLanguage\":\"fr-FR\"}]}<\/script>\n<!-- \/ Yoast SEO plugin. -->","yoast_head_json":{"title":"About Us - dongchuanwl","robots":{"index":"index","follow":"follow","max-snippet":"max-snippet:-1","max-image-preview":"max-image-preview:large","max-video-preview":"max-video-preview:-1"},"canonical":"https:\/\/www.dongchuanwl.com\/fr\/\u5173\u4e8e\u6211\u4eec-2\/","og_locale":"fr_FR","og_type":"article","og_title":"About Us - dongchuanwl","og_url":"https:\/\/www.dongchuanwl.com\/fr\/\u5173\u4e8e\u6211\u4eec-2\/","og_site_name":"dongchuanwl","article_modified_time":"2025-08-19T06:17:40+00:00","og_image":[{"url":"https:\/\/www.dongchuanwl.com\/wp-content\/uploads\/2025\/02\/44.jpg","type":"","width":"","height":""}],"twitter_card":"summary_large_image","twitter_misc":{"Dur\u00e9e de lecture estim\u00e9e":"3 minutes"},"schema":{"@context":"https:\/\/schema.org","@graph":[{"@type":"WebPage","@id":"https:\/\/www.dongchuanwl.com\/%e5%85%b3%e4%ba%8e%e6%88%91%e4%bb%ac-2\/","url":"https:\/\/www.dongchuanwl.com\/%e5%85%b3%e4%ba%8e%e6%88%91%e4%bb%ac-2\/","name":"About Us - dongchuanwl","isPartOf":{"@id":"https:\/\/www.dongchuanwl.com\/#website"},"primaryImageOfPage":{"@id":"https:\/\/www.dongchuanwl.com\/%e5%85%b3%e4%ba%8e%e6%88%91%e4%bb%ac-2\/#primaryimage"},"image":{"@id":"https:\/\/www.dongchuanwl.com\/%e5%85%b3%e4%ba%8e%e6%88%91%e4%bb%ac-2\/#primaryimage"},"thumbnailUrl":"https:\/\/www.dongchuanwl.com\/wp-content\/uploads\/2025\/02\/44.jpg","datePublished":"2025-02-24T01:20:24+00:00","dateModified":"2025-08-19T06:17:40+00:00","breadcrumb":{"@id":"https:\/\/www.dongchuanwl.com\/%e5%85%b3%e4%ba%8e%e6%88%91%e4%bb%ac-2\/#breadcrumb"},"inLanguage":"fr-FR","potentialAction":[{"@type":"ReadAction","target":["https:\/\/www.dongchuanwl.com\/%e5%85%b3%e4%ba%8e%e6%88%91%e4%bb%ac-2\/"]}]},{"@type":"ImageObject","inLanguage":"fr-FR","@id":"https:\/\/www.dongchuanwl.com\/%e5%85%b3%e4%ba%8e%e6%88%91%e4%bb%ac-2\/#primaryimage","url":"https:\/\/www.dongchuanwl.com\/wp-content\/uploads\/2025\/02\/44.jpg","contentUrl":"https:\/\/www.dongchuanwl.com\/wp-content\/uploads\/2025\/02\/44.jpg"},{"@type":"BreadcrumbList","@id":"https:\/\/www.dongchuanwl.com\/%e5%85%b3%e4%ba%8e%e6%88%91%e4%bb%ac-2\/#breadcrumb","itemListElement":[{"@type":"ListItem","position":1,"name":"\u9996\u9875","item":"https:\/\/www.dongchuanwl.com\/"},{"@type":"ListItem","position":2,"name":"About Us"}]},{"@type":"WebSite","@id":"https:\/\/www.dongchuanwl.com\/#website","url":"https:\/\/www.dongchuanwl.com\/","name":"dongchuanwl","description":"Liaoning Dongchuan Logistics Equipment Co., Ltd","potentialAction":[{"@type":"SearchAction","target":{"@type":"EntryPoint","urlTemplate":"https:\/\/www.dongchuanwl.com\/?s={search_term_string}"},"query-input":{"@type":"PropertyValueSpecification","valueRequired":true,"valueName":"search_term_string"}}],"inLanguage":"fr-FR"}]}},"_links":{"self":[{"href":"https:\/\/www.dongchuanwl.com\/fr\/wp-json\/wp\/v2\/pages\/5018","targetHints":{"allow":["GET"]}}],"collection":[{"href":"https:\/\/www.dongchuanwl.com\/fr\/wp-json\/wp\/v2\/pages"}],"about":[{"href":"https:\/\/www.dongchuanwl.com\/fr\/wp-json\/wp\/v2\/types\/page"}],"author":[{"embeddable":true,"href":"https:\/\/www.dongchuanwl.com\/fr\/wp-json\/wp\/v2\/users\/1"}],"replies":[{"embeddable":true,"href":"https:\/\/www.dongchuanwl.com\/fr\/wp-json\/wp\/v2\/comments?post=5018"}],"version-history":[{"count":52,"href":"https:\/\/www.dongchuanwl.com\/fr\/wp-json\/wp\/v2\/pages\/5018\/revisions"}],"predecessor-version":[{"id":6174,"href":"https:\/\/www.dongchuanwl.com\/fr\/wp-json\/wp\/v2\/pages\/5018\/revisions\/6174"}],"wp:attachment":[{"href":"https:\/\/www.dongchuanwl.com\/fr\/wp-json\/wp\/v2\/media?parent=5018"}],"curies":[{"name":"wp","href":"https:\/\/api.w.org\/{rel}","templated":true}]}}