{"id":5018,"date":"2025-02-24T09:20:24","date_gmt":"2025-02-24T01:20:24","guid":{"rendered":"https:\/\/www.dongchuanwl.com\/?page_id=5018"},"modified":"2025-08-19T14:17:40","modified_gmt":"2025-08-19T06:17:40","slug":"%e5%85%b3%e4%ba%8e%e6%88%91%e4%bb%ac-2","status":"publish","type":"page","link":"https:\/\/www.dongchuanwl.com\/es\/%e5%85%b3%e4%ba%8e%e6%88%91%e4%bb%ac-2\/","title":{"rendered":"Qui\u00e9nes somos"},"content":{"rendered":"<div class=\"wp-block-themepark-block-themepark-slidearea themepark-slidearea dsxw swiper-slide undefined swiper-lazy\" style=\"background-repeat:no-repeat;background-position:center;\" data-background=\"\" data-title=\"\" data-titlec=\"#ffffff\" data-head=\"nomarl\" data-scalemove=\"1\"><div class=\"themepark-slidearea-in swiper-container\"><div class=\"swiper-wrapper\"><div class=\"swiper-slide\"><div class=\"inbox\" style=\"padding-top:13%;max-width:1440px;padding-left:20px;padding-right:20px;\">\n<div class=\"wp-block-column themepark-slidearea-ins is-layout-flow wp-block-column-is-layout-flow\">\n<section class=\"wp-block-themepark-block-themepark-imgtext thempark-block themepark_imgtext updonwmodle padingmodle undefined\" style=\"\"><div class=\"themepark_imgtext_img\" style=\"width:48%;text-align:center;\" data-swiper-parallax=\"-1800\"><\/div><div class=\"themepark_imgtext_text\" style=\"width:49%;text-align:center;\" data-swiper-parallax=\"-1600\">\n<div class=\"wp-block-column is-layout-flow wp-block-column-is-layout-flow\">\n<p><\/p>\n\n\n\n<p class=\"has-text-align-center has-monte-white-color has-text-color has-link-color wp-elements-37ddd6454cee11711378b1428efa9dd7\" style=\"font-size:65px\"><strong>AYUDA <\/strong><\/p>\n\n\n\n<p class=\"has-text-align-center has-monte-white-color has-text-color has-link-color wp-elements-0d7c8017fe4f20800a00fd05549b8bd4\" style=\"font-size:65px\"><strong>LA<\/strong><br><strong>MUNDO<\/strong><br><strong>ENTREGAR<\/strong><\/p>\n\n\n\n<p><\/p>\n<\/div>\n<\/div><div class=\"themepark_imgtext_ba\" style=\"opacity:1;\"><\/div><\/section>\n\n\n\n<p><\/p>\n<\/div>\n<div class=\"top_video_gundong_out\"><span style=\"color: #ffffff;\">Ir a la p\u00e1gina siguiente<\/span><div class=\"top_video_gundong\" style=\"border: solid 1px #ffffff;\"><div class=\"gdong1\" style=\"background: #ffffff;\"><\/div><div class=\"gdong2\" style=\"background: #ffffff;\"><\/div><div class=\"gdong3\" style=\"background: #ffffff;\"><\/div><\/div><\/div><\/div><\/div><\/div><div class=\"swiper-scrollbar\"><\/div><\/div><div class=\"PcOnly themepark-slidearea_ba  jttj\" style=\"background-repeat:no-repeat;background-position:center;\" data-swiper-parallax-y=\"0\" data-swiper-parallax-opacity=\"0\" data-swiper-parallax-scale=\"0.9\" data-swiper-parallax-duration=\"1800\"><div class=\"themepark-slidearea_ba_in swiper-lazy\" data-background=\"https:\/\/www.dongchuanwl.com\/wp-content\/uploads\/2025\/08\/PC\u7aef.jpg\"><\/div><\/div><div class=\"MovePnly themepark-slidearea_ba swiper-move-lazy jttj\" data-swiper-parallax-y=\"0\" data-swiper-parallax-opacity=\"0\" data-swiper-parallax-scale=\"0.9\" data-swiper-parallax-duration=\"1800\"><div class=\"themepark-slidearea_ba_in swiper-move-lazy\" data-background=\"https:\/\/www.dongchuanwl.com\/wp-content\/uploads\/2025\/08\/\u624b\u673a\u7aef.jpg\"><\/div><\/div><\/div>\n\n\n\n<div class=\"wp-block-themepark-block-themepark-slidearea themepark-slidearea dsxw swiper-slide undefined swiper-lazy\" style=\"background-repeat:no-repeat; xiena\" data-background=\"\" data-title=\"\" data-titlec=\"#ffffff\" data-head=\"nomarl\" data-scalemove=\"1\"><div class=\"themepark-slidearea-in swiper-container\"><div class=\"swiper-wrapper\"><div class=\"swiper-slide\"><div class=\"inbox\" style=\"padding-top:10%;max-width:1440px;padding-left:20px;padding-right:20px;\">\n<div class=\"wp-block-column themepark-slidearea-ins is-layout-flow wp-block-column-is-layout-flow\">\n<section class=\"wp-block-themepark-block-themepark-bili thempark-block themepark_imgtext dsxws  padingmodle leftright undefined\" style=\"padding-bottom:114px;padding-top:52px;\"><div class=\"themepark_imgtext_text\" style=\"width:87%;text-align:center;\">\n<div class=\"wp-block-column is-layout-flow wp-block-column-is-layout-flow\">\n<h2 class=\"wp-block-heading has-text-align-center has-white-color has-text-color\" style=\"font-size:40px\">\u00bfPOR QU\u00c9 ELEGIRNOS?<\/h2>\n\n\n\n<p><\/p>\n\n\n\n<p><\/p>\n\n\n\n<p class=\"has-text-align-left has-white-color has-text-color\">Liaoning Dongchuan Logistics Equipment Co., Ltd. est\u00e1 situada en el Parque Industrial de Beigang, Zona de Desarrollo Econ\u00f3mico de Huludao, provincia de Liaoning. Es una empresa integral que integra investigaci\u00f3n y desarrollo, dise\u00f1o, producci\u00f3n y ventas. La empresa se dedica a la producci\u00f3n de diversos equipos de almacenamiento, manipulaci\u00f3n y log\u00edstica, como cajas met\u00e1licas de embalaje, bandejas met\u00e1licas y estanter\u00edas met\u00e1licas apilables.<\/p>\n\n\n\n<p class=\"has-text-align-left has-white-color has-text-color\"><br>Los productos de nuestra empresa no s\u00f3lo se venden en el mercado nacional, sino que tambi\u00e9n se exportan a pa\u00edses europeos y americanos, as\u00ed como a mercados internacionales del sudeste asi\u00e1tico. Durante muchos a\u00f1os, la empresa se ha adherido al principio de \"la tecnolog\u00eda primero, la calidad primero, el servicio excelente y la satisfacci\u00f3n del cliente\". \u00a1Estamos dispuestos a proporcionar a los clientes servicios diversificados y polifac\u00e9ticos, y estamos dispuestos a cooperar sinceramente con colegas de todos los \u00e1mbitos de la vida para crear brillantez juntos!<\/p>\n\n\n\n<p><\/p>\n\n\n\n<p><\/p>\n\n\n\n<p><\/p>\n\n\n\n<p><\/p>\n\n\n\n<div class=\"wp-block-themepark-block-btn themepark-i-btn-out themepark-i-btn\" style=\"text-align:undefined;\"><div class=\"themepark-i-btn-out_ins\" style=\"\"><div class=\"themepark-i-btn-out_in\"><div class=\"themepark-i-btn\" style=\"background-color:#0693e3;color:#ffffff;font-size:16px;\"><i class=\"fas fa-bookmark\"><\/i><a href=\"https:\/\/www.dongchuanwl.com\/es\/contact\/\" rel=\"noopener noreferrer \">CONTACTO<\/a><\/div><\/div><\/div><\/div>\n\n\n\n<p><\/p>\n<\/div>\n<\/div><div class=\"themepark_bili\" style=\"width:10%;\"><\/div><div class=\"themepark_imgtext_ba\" style=\"background-color:#0000001c;opacity:1;\"><\/div><\/section>\n\n\n\n<p><\/p>\n\n\n\n<p><\/p>\n\n\n\n<p><\/p>\n\n\n\n<p><\/p>\n\n\n\n<p><\/p>\n\n\n\n<p><\/p>\n<\/div>\n<\/div><\/div><\/div><div class=\"swiper-scrollbar\"><\/div><\/div><div class=\"PcOnly themepark-slidearea_ba  jttj xiena\" style=\"background-repeat:no-repeat; xiena\" data-swiper-parallax-y=\"0\" data-swiper-parallax-opacity=\"0\" data-swiper-parallax-scale=\"0.9\" data-swiper-parallax-duration=\"1800\"><div class=\"themepark-slidearea_ba_in swiper-lazy\" data-background=\"https:\/\/www.dongchuanwl.com\/wp-content\/uploads\/2025\/08\/PC\u7aef2.jpg\"><\/div><\/div><div class=\"MovePnly themepark-slidearea_ba swiper-move-lazy jttj xiena\" data-swiper-parallax-y=\"0\" data-swiper-parallax-opacity=\"0\" data-swiper-parallax-scale=\"0.9\" data-swiper-parallax-duration=\"1800\"><div class=\"themepark-slidearea_ba_in swiper-move-lazy\" data-background=\"https:\/\/www.dongchuanwl.com\/wp-content\/uploads\/2025\/02\/\u624b\u673a.jpg\"><\/div><\/div><\/div>\n\n\n\n<div class=\"wp-block-themepark-block-themepark-slidearea themepark-slidearea dsxw swiper-slide  swiper-lazy\" style=\"background-position:center;\" data-background=\"\" data-title=\"\" data-head=\"nomarl\" data-scalemove=\"1\"><div class=\"themepark-slidearea-in swiper-container\"><div class=\"swiper-wrapper\"><div class=\"swiper-slide\"><div class=\"inbox\" style=\"padding-top:4%;max-width:992px;padding-left:20px;padding-right:20px;\"><div class=\"post_in_list_head modle_title2\"><span style=\"color:#000000;font-size:34px;\" class=\"main-title\">DISE\u00d1O, NORMAS Y CERTIFICACI\u00d3N<\/span><span style=\"color:#000000;font-size:14px;\" class=\"as-title\"><\/span><div class=\"title_boout\"><div class=\"title_bo\" style=\"\"><\/div><\/div><font class=\"titletext\" style=\"color:#000000;font-size:40px;\"><\/font><\/div>\n<div class=\"wp-block-column themepark-slidearea-ins is-layout-flow wp-block-column-is-layout-flow\"><\/div>\n<\/div><\/div><\/div><div class=\"swiper-scrollbar\"><\/div><\/div><div class=\"PcOnly themepark-slidearea_ba\" style=\"background-position:center;\" data-swiper-parallax-y=\"-700\" data-swiper-parallax-opacity=\"0\" data-swiper-parallax-scale=\"0.9\" data-swiper-parallax-duration=\"1800\"><div class=\"themepark-slidearea_ba_in swiper-lazy\" data-background=\"https:\/\/www.dongchuanwl.com\/wp-content\/uploads\/2025\/02\/111111.jpg\"><\/div><\/div><div class=\"MovePnly themepark-slidearea_ba swiper-move-lazy\" data-swiper-parallax-y=\"-700\" data-swiper-parallax-opacity=\"0\" data-swiper-parallax-scale=\"0.9\" data-swiper-parallax-duration=\"1800\"><div class=\"themepark-slidearea_ba_in swiper-move-lazy\" data-background=\"https:\/\/www.dongchuanwl.com\/wp-content\/uploads\/2025\/03\/\u624b\u673a\u7248\u8bc1\u4e66.jpg\"><\/div><\/div><\/div>\n\n\n\n<div class=\"wp-block-themepark-block-themepark-slidearea themepark-slidearea dsxw swiper-slide undefined\" style=\"background-repeat:no-repeat;\" data-background=\"\" data-title=\"\" data-titlec=\"#000000\" data-head=\"nomarl\" data-scalemove=\"1\"><div class=\"themepark-slidearea-in swiper-container\"><div class=\"swiper-wrapper\"><div class=\"swiper-slide\"><div class=\"inbox\" style=\"padding-bottom:109px;padding-top:6%;max-width:1440px;padding-left:20px;padding-right:20px;\"><div class=\"post_in_list_head modle_title2\"><span style=\"color:#000000;font-size:36px;\" class=\"main-title\"><\/span><span style=\"color:#000000;font-size:40px;\" class=\"as-title\">NUESTROS VALORES<\/span><div class=\"title_boout\"><div class=\"title_bo\" style=\"\"><\/div><\/div><font class=\"titletext\" style=\"color:#000000;font-size:40px;\"><\/font><\/div>\n<div class=\"wp-block-column themepark-slidearea-ins is-layout-flow wp-block-column-is-layout-flow\">\n<section class=\"wp-block-themepark-block-themepark-icon thempark-block themepark_icon_list_out  xhms\" id=\"nomo3\" style=\"height:261px;\"><div class=\"themepark_icon_list_in\" style=\"padding-top:5px;top:412px;box-shadow:0 0 15px#666666;\"><div class=\"themepark_icon_lists iconl4 iconls1\" style=\"text-align:right;\"><a class=\"themepark_icon_box  picmodle\" style=\"color:#f29900;\"><div class=\"themepark_icon_box_i\"><div class=\"themepark_icon_box_i_out\"><img decoding=\"async\" src=\"https:\/\/www.dongchuanwl.com\/wp-content\/uploads\/2025\/02\/44.jpg\" alt=\"Development\" style=\"color:#ffffff;width:50px;\"\/><\/div><\/div><div class=\"themepark_icon_box_d\" style=\"font-size:14px;color:#000000;height:101px;\"><b style=\"font-size:18px;color:#010101;\">Desarrollo<\/b><span>Cuidar la marca corporativa y potenciar la vitalidad de la empresa.<\/span><\/div><div class=\"themepark_icon_box_bac\" style=\"background:#da883c7d;opacity:0.91;\"><\/div><\/a><a class=\"themepark_icon_box  picmodle\" style=\"color:#f29900;\"><div class=\"themepark_icon_box_i\"><div class=\"themepark_icon_box_i_out\"><img decoding=\"async\" src=\"https:\/\/www.dongchuanwl.com\/wp-content\/uploads\/2025\/02\/333.jpg\" alt=\"Service\" style=\"color:#ffffff;width:50px;\"\/><\/div><\/div><div class=\"themepark_icon_box_d\" style=\"font-size:14px;color:#000000;height:101px;\"><b style=\"font-size:18px;color:#010101;\">Servicio<\/b><span>No prometas lo que no puedes hacer, promete hacer lo que prometes.<\/span><\/div><div class=\"themepark_icon_box_bac\" style=\"background:#da883c7d;opacity:0.91;\"><\/div><\/a><a class=\"themepark_icon_box  picmodle\" style=\"color:#f29900;\"><div class=\"themepark_icon_box_i\"><div class=\"themepark_icon_box_i_out\"><img decoding=\"async\" src=\"https:\/\/www.dongchuanwl.com\/wp-content\/uploads\/2025\/02\/7d584b83eb15bbc9392e2f1a2228b33.jpg\" alt=\"Quality\" style=\"color:#ffffff;width:50px;\"\/><\/div><\/div><div class=\"themepark_icon_box_d\" style=\"font-size:14px;color:#000000;height:101px;\"><b style=\"font-size:18px;color:#010101;\">Calidad<\/b><span>Debemos ir siempre un paso por delante y ofrecer una calidad insustituible de primera clase.<\/span><\/div><div class=\"themepark_icon_box_bac\" style=\"background:#da883c7d;opacity:0.91;\"><\/div><\/a><a class=\"themepark_icon_box  picmodle\" style=\"color:#f29900;\"><div class=\"themepark_icon_box_i\"><div class=\"themepark_icon_box_i_out\"><img decoding=\"async\" src=\"https:\/\/www.dongchuanwl.com\/wp-content\/uploads\/2025\/02\/222.jpg\" alt=\"Positioning\" style=\"color:#ffffff;width:50px;\"\/><\/div><\/div><div class=\"themepark_icon_box_d\" style=\"font-size:14px;color:#000000;height:101px;\"><b style=\"font-size:18px;color:#010101;\">Posicionamiento<\/b><span>No te expandas ciegamente, s\u00f3lo esfu\u00e9rzate por el refinamiento, el refinamiento y la excelencia.<\/span><\/div><div class=\"themepark_icon_box_bac\" style=\"background:#da883c7d;opacity:0.91;\"><\/div><\/a><\/div><\/div><\/section>\n<\/div>\n<\/div><\/div><\/div><div class=\"swiper-scrollbar\"><\/div><\/div><div class=\"PcOnly themepark-slidearea_ba  jttj\" style=\"background-repeat:no-repeat;\" data-swiper-parallax-y=\"0\" data-swiper-parallax-opacity=\"0\" data-swiper-parallax-scale=\"0.9\" data-swiper-parallax-duration=\"1800\"><div class=\"themepark-slidearea_ba_in swiper-lazy\" data-background=\"https:\/\/www.dongchuanwl.com\/wp-content\/uploads\/2025\/02\/6b2a27f3a6ac06d2646c170d9508c65.jpg\"><\/div><\/div><div class=\"MovePnly themepark-slidearea_ba swiper-move-lazy jttj\" data-swiper-parallax-y=\"0\" data-swiper-parallax-opacity=\"0\" data-swiper-parallax-scale=\"0.9\" data-swiper-parallax-duration=\"1800\"><div class=\"themepark-slidearea_ba_in swiper-move-lazy\" data-background=\"https:\/\/www.dongchuanwl.com\/wp-content\/uploads\/2025\/02\/6b2a27f3a6ac06d2646c170d9508c65.jpg\"><\/div><\/div><\/div>\n\n\n\n<div class=\"wp-block-themepark-block-themepark-slidearea themepark-slidearea dsxw swiper-slide undefined swiper-lazy\" style=\"background-repeat:no-repeat; xiena\" data-background=\"\" data-title=\"\" data-titlec=\"#ffffff\" data-head=\"nomarl\" data-scalemove=\"1\"><div class=\"themepark-slidearea-in swiper-container\"><div class=\"swiper-wrapper\"><div class=\"swiper-slide\"><div class=\"inbox\" style=\"padding-bottom:211px;padding-top:9%;max-width:1440px;padding-left:20px;padding-right:20px;\"><div class=\"post_in_list_head modle_title2\"><span style=\"color:#ffffff;font-size:40px;\" class=\"main-title\">PRESENTACI\u00d3N DEL EQUIPO<\/span><span style=\"color:#ffffff;font-size:36px;\" class=\"as-title\"><\/span><div class=\"title_boout\"><div class=\"title_bo\" style=\"border-bottom:3px solid #ffffff;\"><\/div><\/div><font class=\"titletext\" style=\"font-size:16px;\"><\/font><\/div>\n<div class=\"wp-block-column themepark-slidearea-ins is-layout-flow wp-block-column-is-layout-flow\">\n<section class=\"wp-block-themepark-block-themepark-imgtext thempark-block themepark_imgtext padingmodle leftright moveupd  undefined\" style=\"padding-bottom:10px;padding-top:10px;\"><div class=\"themepark_imgtext_img\" style=\"width:35%;\" data-swiper-parallax=\"-1800\"><img class=\"lazyload  swiper-lazy swiper-move-lazy\" style=\"\" data-src=\"http:\/\/data.themepark.com.cn\/2021\/n\/smartenterprise_data\/qy1\/uploads\/2020\/12\/list8.jpg\" alt=\"\"\/><\/div><div class=\"themepark_imgtext_text\" style=\"width:62%;\" data-swiper-parallax=\"-1600\">\n<div class=\"wp-block-column is-layout-flow wp-block-column-is-layout-flow\">\n<p><\/p>\n\n\n\n<p><\/p>\n\n\n\n<h3 class=\"wp-block-heading has-white-color has-text-color\" style=\"font-size:27px\"><strong><strong>EQUIPO DE I+D<\/strong><\/strong><\/h3>\n\n\n\n<p class=\"has-white-color has-text-color\" style=\"font-size:18px\"><\/p>\n\n\n\n<p><\/p>\n\n\n\n<p class=\"has-white-color has-text-color\">Dongchuan Logistics Company se fund\u00f3 en 2020 y es un equipo de \u00e9lite compuesto por un grupo de profesionales afines y con talento. Est\u00e1 comprometida con el almacenamiento log\u00edstico nacional e internacional, proporcionando a los clientes excelentes soluciones con un esp\u00edritu profesional, innovador y colaborativo, y ha establecido una buena reputaci\u00f3n en la industria.<\/p>\n\n\n\n<p><\/p>\n\n\n\n<p class=\"has-white-color has-text-color\">Contamos con un equipo central de liderazgo, un equipo t\u00e9cnico profesional y un equipo de marketing y atenci\u00f3n al cliente, y cada miembro del equipo se esfuerza por alcanzar objetivos comunes, creando valor constantemente y contribuyendo con sus propias fuerzas al desarrollo de la sociedad. Tenemos una hermosa visi\u00f3n de futuro y nos esforzamos por construir un equipo con influencia y competitividad globales, contribuyendo en mayor medida a promover la innovaci\u00f3n y el desarrollo de la industria.<\/p>\n\n\n\n<p><\/p>\n\n\n\n<p class=\"has-white-color has-text-color\">Adherirse al principio de honradez y honestidad, tratar a los clientes, socios y compa\u00f1eros con sinceridad y coherencia en las palabras y los hechos. Al mismo tiempo, cada miembro debe asumir la plena responsabilidad de su trabajo, ser lo suficientemente valiente para asumir responsabilidades y garantizar que cada tarea pueda completarse a tiempo y con alta calidad. Creemos que con los esfuerzos conjuntos de todos los miembros del equipo, conseguiremos logros a\u00fan m\u00e1s brillantes en nuestro viaje futuro y escribiremos nuestro propio y magn\u00edfico cap\u00edtulo.<\/p>\n\n\n\n<p><\/p>\n<\/div>\n<\/div><div class=\"themepark_imgtext_ba\" style=\"background-color:#000000;opacity:0.2;\"><\/div><\/section>\n<\/div>\n<\/div><\/div><\/div><div class=\"swiper-scrollbar\"><\/div><\/div><div class=\"PcOnly themepark-slidearea_ba  jttj xiena\" style=\"background-repeat:no-repeat; xiena\" data-swiper-parallax-y=\"0\" data-swiper-parallax-opacity=\"0\" data-swiper-parallax-scale=\"0.9\" data-swiper-parallax-duration=\"1800\"><div class=\"themepark-slidearea_ba_in swiper-lazy\" data-background=\"https:\/\/www.dongchuanwl.com\/wp-content\/uploads\/2025\/02\/\u56e2\u961f1.jpg\"><\/div><\/div><div class=\"MovePnly themepark-slidearea_ba swiper-move-lazy jttj xiena\" data-swiper-parallax-y=\"0\" data-swiper-parallax-opacity=\"0\" data-swiper-parallax-scale=\"0.9\" data-swiper-parallax-duration=\"1800\"><div class=\"themepark-slidearea_ba_in swiper-move-lazy\" data-background=\"https:\/\/www.dongchuanwl.com\/wp-content\/uploads\/2025\/02\/\u672a\u6807\u9898-3.jpg\"><\/div><\/div><\/div>\n\n\n\n<p><\/p>","protected":false},"excerpt":{"rendered":"","protected":false},"author":1,"featured_media":0,"parent":0,"menu_order":0,"comment_status":"closed","ping_status":"open","template":"","meta":{"themepark_post_bcolor":"#f5f5f5","themepark_post_width":"swiper","themepark_post_img":"","themepark_post_img_po":"center","themepark_post_img_re":true,"themepark_post_img_cover":true,"themepark_post_img_fixed":true,"themepark_post_hide_title":true,"themepark_post_main_b":"","themepark_post_main_p":100,"themepark_paddingblock":true,"footnotes":""},"class_list":["post-5018","page","type-page","status-publish","hentry"],"yoast_head":"<!-- This site is optimized with the Yoast SEO plugin v27.3 - https:\/\/yoast.com\/product\/yoast-seo-wordpress\/ -->\n<title>About Us - dongchuanwl<\/title>\n<meta name=\"robots\" content=\"index, follow, max-snippet:-1, max-image-preview:large, max-video-preview:-1\" \/>\n<link rel=\"canonical\" href=\"https:\/\/www.dongchuanwl.com\/es\/\u5173\u4e8e\u6211\u4eec-2\/\" \/>\n<meta property=\"og:locale\" content=\"es_ES\" \/>\n<meta property=\"og:type\" content=\"article\" \/>\n<meta property=\"og:title\" content=\"About Us - dongchuanwl\" \/>\n<meta property=\"og:url\" content=\"https:\/\/www.dongchuanwl.com\/es\/\u5173\u4e8e\u6211\u4eec-2\/\" \/>\n<meta property=\"og:site_name\" content=\"dongchuanwl\" \/>\n<meta property=\"article:modified_time\" content=\"2025-08-19T06:17:40+00:00\" \/>\n<meta property=\"og:image\" content=\"https:\/\/www.dongchuanwl.com\/wp-content\/uploads\/2025\/02\/44.jpg\" \/>\n<meta name=\"twitter:card\" content=\"summary_large_image\" \/>\n<meta name=\"twitter:label1\" content=\"Tiempo de lectura\" \/>\n\t<meta name=\"twitter:data1\" content=\"3 minutos\" \/>\n<script type=\"application\/ld+json\" class=\"yoast-schema-graph\">{\"@context\":\"https:\\\/\\\/schema.org\",\"@graph\":[{\"@type\":\"WebPage\",\"@id\":\"https:\\\/\\\/www.dongchuanwl.com\\\/%e5%85%b3%e4%ba%8e%e6%88%91%e4%bb%ac-2\\\/\",\"url\":\"https:\\\/\\\/www.dongchuanwl.com\\\/%e5%85%b3%e4%ba%8e%e6%88%91%e4%bb%ac-2\\\/\",\"name\":\"About Us - dongchuanwl\",\"isPartOf\":{\"@id\":\"https:\\\/\\\/www.dongchuanwl.com\\\/#website\"},\"primaryImageOfPage\":{\"@id\":\"https:\\\/\\\/www.dongchuanwl.com\\\/%e5%85%b3%e4%ba%8e%e6%88%91%e4%bb%ac-2\\\/#primaryimage\"},\"image\":{\"@id\":\"https:\\\/\\\/www.dongchuanwl.com\\\/%e5%85%b3%e4%ba%8e%e6%88%91%e4%bb%ac-2\\\/#primaryimage\"},\"thumbnailUrl\":\"https:\\\/\\\/www.dongchuanwl.com\\\/wp-content\\\/uploads\\\/2025\\\/02\\\/44.jpg\",\"datePublished\":\"2025-02-24T01:20:24+00:00\",\"dateModified\":\"2025-08-19T06:17:40+00:00\",\"breadcrumb\":{\"@id\":\"https:\\\/\\\/www.dongchuanwl.com\\\/%e5%85%b3%e4%ba%8e%e6%88%91%e4%bb%ac-2\\\/#breadcrumb\"},\"inLanguage\":\"es\",\"potentialAction\":[{\"@type\":\"ReadAction\",\"target\":[\"https:\\\/\\\/www.dongchuanwl.com\\\/%e5%85%b3%e4%ba%8e%e6%88%91%e4%bb%ac-2\\\/\"]}]},{\"@type\":\"ImageObject\",\"inLanguage\":\"es\",\"@id\":\"https:\\\/\\\/www.dongchuanwl.com\\\/%e5%85%b3%e4%ba%8e%e6%88%91%e4%bb%ac-2\\\/#primaryimage\",\"url\":\"https:\\\/\\\/www.dongchuanwl.com\\\/wp-content\\\/uploads\\\/2025\\\/02\\\/44.jpg\",\"contentUrl\":\"https:\\\/\\\/www.dongchuanwl.com\\\/wp-content\\\/uploads\\\/2025\\\/02\\\/44.jpg\"},{\"@type\":\"BreadcrumbList\",\"@id\":\"https:\\\/\\\/www.dongchuanwl.com\\\/%e5%85%b3%e4%ba%8e%e6%88%91%e4%bb%ac-2\\\/#breadcrumb\",\"itemListElement\":[{\"@type\":\"ListItem\",\"position\":1,\"name\":\"\u9996\u9875\",\"item\":\"https:\\\/\\\/www.dongchuanwl.com\\\/\"},{\"@type\":\"ListItem\",\"position\":2,\"name\":\"About Us\"}]},{\"@type\":\"WebSite\",\"@id\":\"https:\\\/\\\/www.dongchuanwl.com\\\/#website\",\"url\":\"https:\\\/\\\/www.dongchuanwl.com\\\/\",\"name\":\"dongchuanwl\",\"description\":\"Liaoning Dongchuan Logistics Equipment Co., Ltd\",\"potentialAction\":[{\"@type\":\"SearchAction\",\"target\":{\"@type\":\"EntryPoint\",\"urlTemplate\":\"https:\\\/\\\/www.dongchuanwl.com\\\/?s={search_term_string}\"},\"query-input\":{\"@type\":\"PropertyValueSpecification\",\"valueRequired\":true,\"valueName\":\"search_term_string\"}}],\"inLanguage\":\"es\"}]}<\/script>\n<!-- \/ Yoast SEO plugin. -->","yoast_head_json":{"title":"About Us - dongchuanwl","robots":{"index":"index","follow":"follow","max-snippet":"max-snippet:-1","max-image-preview":"max-image-preview:large","max-video-preview":"max-video-preview:-1"},"canonical":"https:\/\/www.dongchuanwl.com\/es\/\u5173\u4e8e\u6211\u4eec-2\/","og_locale":"es_ES","og_type":"article","og_title":"About Us - dongchuanwl","og_url":"https:\/\/www.dongchuanwl.com\/es\/\u5173\u4e8e\u6211\u4eec-2\/","og_site_name":"dongchuanwl","article_modified_time":"2025-08-19T06:17:40+00:00","og_image":[{"url":"https:\/\/www.dongchuanwl.com\/wp-content\/uploads\/2025\/02\/44.jpg","type":"","width":"","height":""}],"twitter_card":"summary_large_image","twitter_misc":{"Tiempo de lectura":"3 minutos"},"schema":{"@context":"https:\/\/schema.org","@graph":[{"@type":"WebPage","@id":"https:\/\/www.dongchuanwl.com\/%e5%85%b3%e4%ba%8e%e6%88%91%e4%bb%ac-2\/","url":"https:\/\/www.dongchuanwl.com\/%e5%85%b3%e4%ba%8e%e6%88%91%e4%bb%ac-2\/","name":"About Us - dongchuanwl","isPartOf":{"@id":"https:\/\/www.dongchuanwl.com\/#website"},"primaryImageOfPage":{"@id":"https:\/\/www.dongchuanwl.com\/%e5%85%b3%e4%ba%8e%e6%88%91%e4%bb%ac-2\/#primaryimage"},"image":{"@id":"https:\/\/www.dongchuanwl.com\/%e5%85%b3%e4%ba%8e%e6%88%91%e4%bb%ac-2\/#primaryimage"},"thumbnailUrl":"https:\/\/www.dongchuanwl.com\/wp-content\/uploads\/2025\/02\/44.jpg","datePublished":"2025-02-24T01:20:24+00:00","dateModified":"2025-08-19T06:17:40+00:00","breadcrumb":{"@id":"https:\/\/www.dongchuanwl.com\/%e5%85%b3%e4%ba%8e%e6%88%91%e4%bb%ac-2\/#breadcrumb"},"inLanguage":"es","potentialAction":[{"@type":"ReadAction","target":["https:\/\/www.dongchuanwl.com\/%e5%85%b3%e4%ba%8e%e6%88%91%e4%bb%ac-2\/"]}]},{"@type":"ImageObject","inLanguage":"es","@id":"https:\/\/www.dongchuanwl.com\/%e5%85%b3%e4%ba%8e%e6%88%91%e4%bb%ac-2\/#primaryimage","url":"https:\/\/www.dongchuanwl.com\/wp-content\/uploads\/2025\/02\/44.jpg","contentUrl":"https:\/\/www.dongchuanwl.com\/wp-content\/uploads\/2025\/02\/44.jpg"},{"@type":"BreadcrumbList","@id":"https:\/\/www.dongchuanwl.com\/%e5%85%b3%e4%ba%8e%e6%88%91%e4%bb%ac-2\/#breadcrumb","itemListElement":[{"@type":"ListItem","position":1,"name":"\u9996\u9875","item":"https:\/\/www.dongchuanwl.com\/"},{"@type":"ListItem","position":2,"name":"About Us"}]},{"@type":"WebSite","@id":"https:\/\/www.dongchuanwl.com\/#website","url":"https:\/\/www.dongchuanwl.com\/","name":"dongchuanwl","description":"Liaoning Dongchuan Logistics Equipment Co., Ltd","potentialAction":[{"@type":"SearchAction","target":{"@type":"EntryPoint","urlTemplate":"https:\/\/www.dongchuanwl.com\/?s={search_term_string}"},"query-input":{"@type":"PropertyValueSpecification","valueRequired":true,"valueName":"search_term_string"}}],"inLanguage":"es"}]}},"_links":{"self":[{"href":"https:\/\/www.dongchuanwl.com\/es\/wp-json\/wp\/v2\/pages\/5018","targetHints":{"allow":["GET"]}}],"collection":[{"href":"https:\/\/www.dongchuanwl.com\/es\/wp-json\/wp\/v2\/pages"}],"about":[{"href":"https:\/\/www.dongchuanwl.com\/es\/wp-json\/wp\/v2\/types\/page"}],"author":[{"embeddable":true,"href":"https:\/\/www.dongchuanwl.com\/es\/wp-json\/wp\/v2\/users\/1"}],"replies":[{"embeddable":true,"href":"https:\/\/www.dongchuanwl.com\/es\/wp-json\/wp\/v2\/comments?post=5018"}],"version-history":[{"count":52,"href":"https:\/\/www.dongchuanwl.com\/es\/wp-json\/wp\/v2\/pages\/5018\/revisions"}],"predecessor-version":[{"id":6174,"href":"https:\/\/www.dongchuanwl.com\/es\/wp-json\/wp\/v2\/pages\/5018\/revisions\/6174"}],"wp:attachment":[{"href":"https:\/\/www.dongchuanwl.com\/es\/wp-json\/wp\/v2\/media?parent=5018"}],"curies":[{"name":"wp","href":"https:\/\/api.w.org\/{rel}","templated":true}]}}